{"id":5191,"date":"2026-04-27T21:35:02","date_gmt":"2026-04-28T00:35:02","guid":{"rendered":"https:\/\/khanguru.online\/cursos\/?post_type=product&#038;p=5191"},"modified":"2026-04-27T21:35:29","modified_gmt":"2026-04-28T00:35:29","slug":"pack-1000-gravacoes-tabua-para-churrasco","status":"publish","type":"product","link":"https:\/\/khanguru.online\/cursos\/produto\/pack-1000-gravacoes-tabua-para-churrasco\/","title":{"rendered":"Pack 1000 Grava\u00e7\u00f5es Tabua para churrasco"},"content":{"rendered":"","protected":false},"excerpt":{"rendered":"<p>Arquivo de grava\u00e7\u00e3o a laser &#8211; T\u00e1buas de churrasco<\/p>\n","protected":false},"featured_media":4380,"comment_status":"open","ping_status":"closed","template":"","meta":{"_joinchat":[]},"product_brand":[],"product_cat":[64],"product_tag":[65,66],"class_list":{"0":"post-5191","1":"product","2":"type-product","3":"status-publish","4":"has-post-thumbnail","6":"product_cat-gravacao-laser","7":"product_tag-churrasco","8":"product_tag-petisqueira","10":"first","11":"instock","12":"sale","13":"downloadable","14":"shipping-taxable","15":"purchasable","16":"product-type-simple"},"_links":{"self":[{"href":"https:\/\/khanguru.online\/cursos\/wp-json\/wp\/v2\/product\/5191","targetHints":{"allow":["GET"]}}],"collection":[{"href":"https:\/\/khanguru.online\/cursos\/wp-json\/wp\/v2\/product"}],"about":[{"href":"https:\/\/khanguru.online\/cursos\/wp-json\/wp\/v2\/types\/product"}],"replies":[{"embeddable":true,"href":"https:\/\/khanguru.online\/cursos\/wp-json\/wp\/v2\/comments?post=5191"}],"version-history":[{"count":1,"href":"https:\/\/khanguru.online\/cursos\/wp-json\/wp\/v2\/product\/5191\/revisions"}],"predecessor-version":[{"id":5192,"href":"https:\/\/khanguru.online\/cursos\/wp-json\/wp\/v2\/product\/5191\/revisions\/5192"}],"wp:featuredmedia":[{"embeddable":true,"href":"https:\/\/khanguru.online\/cursos\/wp-json\/wp\/v2\/media\/4380"}],"wp:attachment":[{"href":"https:\/\/khanguru.online\/cursos\/wp-json\/wp\/v2\/media?parent=5191"}],"wp:term":[{"taxonomy":"product_brand","embeddable":true,"href":"https:\/\/khanguru.online\/cursos\/wp-json\/wp\/v2\/product_brand?post=5191"},{"taxonomy":"product_cat","embeddable":true,"href":"https:\/\/khanguru.online\/cursos\/wp-json\/wp\/v2\/product_cat?post=5191"},{"taxonomy":"product_tag","embeddable":true,"href":"https:\/\/khanguru.online\/cursos\/wp-json\/wp\/v2\/product_tag?post=5191"}],"curies":[{"name":"wp","href":"https:\/\/api.w.org\/{rel}","templated":true}]}}