{"id":4959,"date":"2026-04-23T13:08:08","date_gmt":"2026-04-23T16:08:08","guid":{"rendered":"https:\/\/khanguru.online\/cursos\/?post_type=product&#038;p=4959"},"modified":"2026-04-23T13:16:31","modified_gmt":"2026-04-23T16:16:31","slug":"monte-seu-carro-de-papel-21-modelos-ultrarrealistas","status":"publish","type":"product","link":"https:\/\/khanguru.online\/cursos\/produto\/monte-seu-carro-de-papel-21-modelos-ultrarrealistas\/","title":{"rendered":"Monte Seu Carro De Papel 21 Modelos Ultrarrealistas"},"content":{"rendered":"<p>Prepare-se para viver uma experi\u00eancia \u00fanica!<\/p>\n<p>Com este kit incr\u00edvel, voc\u00ea vai recortar, montar e colecionar 21 modelos de carros impressionantes, projetados para oferecer o m\u00e1ximo em realismo e um acabamento digno de exposi\u00e7\u00e3o.<\/p>\n<p>O que voc\u00ea vai encontrar neste kit 21 modelos exclusivos em diferentes estilos e cores Carros esportivos, F\u00f3rmula 1, cl\u00e1ssicos de cinema e muito mais Tamanho grande: entre 60 cm e 90 cm Arquivos em PDF para impress\u00e3o Design ultrarrealista com cores vibrantes e detalhes impressionantes<\/p>\n<p>Como funciona Receba os arquivos em PDF direto no seu e-mail Imprima em papel A4 mais grosso (150g a 180g recomendado)<\/p>\n<p>Recorte as pe\u00e7as seguindo as marca\u00e7\u00f5es<\/p>\n<p>Monte com tesoura e cola (n\u00e3o precisa de ferramentas especiais)<\/p>\n<p>Aprecie e exiba sua obra-prima!<\/p>\n<p>Cada modelo acompanha passo a passo ilustrado para facilitar a montagem.<\/p>\n<p>Voc\u00ea vai receber Impress\u00f5es digitais em alta qualidade (A4)<\/p>\n<p>Modelos com diferentes n\u00edveis de dificuldade Instru\u00e7\u00f5es visuais detalhadas Designs criados para surpreender em qualquer \u00e2ngulo<\/p>\n<p>Por que voc\u00ea vai amar<\/p>\n<p>Ideal para colecionadores e amantes de miniaturas<\/p>\n<p>\u00d3timo para quem busca um hobby criativo e relaxante Perfeito para decora\u00e7\u00e3o, exposi\u00e7\u00f5es e presentes personalizados Resultados que impressionam: miniaturas gigantes cheias de detalhes<\/p>\n<p>OS CARROS QUE VOC\u00ca VAI RECEBER EM PDF.<\/p>\n<p>Superesportivos: 17 carros super realista dos modelos mais desejados do mundo.<\/p>\n<p>Lamborghini Aventador | McLaren P1 | Bugatti Veyron | Corvette Stingray | \u2026<\/p>\n<p>Classicos do Cinema. O carro do filme \u201cDe Volta Para o Futuro\u201d.<\/p>\n<p>S\u00e3o 2 modelos do carro Delore, Um caracterizado exatamente como era no filme, e outro originalcomo era vendido na \u00e9poca.<\/p>\n<p>F\u00f3rmula 1 1 carro F Ferrari. A Ferrari \u00e9 umas marcas icone da f\u00f3rmula 1, e com uma hist\u00f3ria rica e in\u00fameras conquistas.<\/p>\n<p>PickUp Monster SIM \u20261 pickup moster super detalhada como as usadas em eventos e shows monster truck. Com pneus off-road de grande porte e design agressivo. PAPEL MODELISMO PACK CARROS Transforme papel em verdadeiras m\u00e1quinas dos sonhos!<\/p>\n<p>Compre agora e comece a montar o seu pr\u00f3ximo supercarro hoje mesmo!<\/p>\n<p>&nbsp;<\/p>\n<p>&nbsp;<\/p>\n","protected":false},"excerpt":{"rendered":"<p>Show esses modelos de carros confira..<\/p>\n","protected":false},"featured_media":4962,"comment_status":"open","ping_status":"closed","template":"","meta":{"_joinchat":[]},"product_brand":[],"product_cat":[71,70],"product_tag":[65,66],"class_list":{"0":"post-4959","1":"product","2":"type-product","3":"status-publish","4":"has-post-thumbnail","6":"product_cat-carros","7":"product_cat-modelismo","8":"product_tag-churrasco","9":"product_tag-petisqueira","11":"first","12":"instock","13":"sale","14":"downloadable","15":"shipping-taxable","16":"purchasable","17":"product-type-simple"},"_links":{"self":[{"href":"https:\/\/khanguru.online\/cursos\/wp-json\/wp\/v2\/product\/4959","targetHints":{"allow":["GET"]}}],"collection":[{"href":"https:\/\/khanguru.online\/cursos\/wp-json\/wp\/v2\/product"}],"about":[{"href":"https:\/\/khanguru.online\/cursos\/wp-json\/wp\/v2\/types\/product"}],"replies":[{"embeddable":true,"href":"https:\/\/khanguru.online\/cursos\/wp-json\/wp\/v2\/comments?post=4959"}],"version-history":[{"count":1,"href":"https:\/\/khanguru.online\/cursos\/wp-json\/wp\/v2\/product\/4959\/revisions"}],"predecessor-version":[{"id":4968,"href":"https:\/\/khanguru.online\/cursos\/wp-json\/wp\/v2\/product\/4959\/revisions\/4968"}],"wp:featuredmedia":[{"embeddable":true,"href":"https:\/\/khanguru.online\/cursos\/wp-json\/wp\/v2\/media\/4962"}],"wp:attachment":[{"href":"https:\/\/khanguru.online\/cursos\/wp-json\/wp\/v2\/media?parent=4959"}],"wp:term":[{"taxonomy":"product_brand","embeddable":true,"href":"https:\/\/khanguru.online\/cursos\/wp-json\/wp\/v2\/product_brand?post=4959"},{"taxonomy":"product_cat","embeddable":true,"href":"https:\/\/khanguru.online\/cursos\/wp-json\/wp\/v2\/product_cat?post=4959"},{"taxonomy":"product_tag","embeddable":true,"href":"https:\/\/khanguru.online\/cursos\/wp-json\/wp\/v2\/product_tag?post=4959"}],"curies":[{"name":"wp","href":"https:\/\/api.w.org\/{rel}","templated":true}]}}