{"id":4951,"date":"2026-04-23T10:52:12","date_gmt":"2026-04-23T13:52:12","guid":{"rendered":"https:\/\/khanguru.online\/cursos\/?post_type=product&#038;p=4951"},"modified":"2026-04-23T10:54:24","modified_gmt":"2026-04-23T13:54:24","slug":"500-pack-elementos-basicos","status":"publish","type":"product","link":"https:\/\/khanguru.online\/cursos\/produto\/500-pack-elementos-basicos\/","title":{"rendered":"+500 Pack Elementos B\u00e1sicos"},"content":{"rendered":"<p>Pack +500 elementos <img fetchpriority=\"high\" decoding=\"async\" class=\"alignnone size-medium wp-image-4791\" src=\"https:\/\/khanguru.online\/cursos\/wp-content\/uploads\/2026\/04\/Captura-de-tela-2026-04-22-184230-300x203.png\" alt=\"\" width=\"300\" height=\"203\" srcset=\"https:\/\/khanguru.online\/cursos\/wp-content\/uploads\/2026\/04\/Captura-de-tela-2026-04-22-184230-300x203.png 300w, https:\/\/khanguru.online\/cursos\/wp-content\/uploads\/2026\/04\/Captura-de-tela-2026-04-22-184230-1024x693.png 1024w, https:\/\/khanguru.online\/cursos\/wp-content\/uploads\/2026\/04\/Captura-de-tela-2026-04-22-184230-768x520.png 768w, https:\/\/khanguru.online\/cursos\/wp-content\/uploads\/2026\/04\/Captura-de-tela-2026-04-22-184230-18x12.png 18w, https:\/\/khanguru.online\/cursos\/wp-content\/uploads\/2026\/04\/Captura-de-tela-2026-04-22-184230-600x406.png 600w, https:\/\/khanguru.online\/cursos\/wp-content\/uploads\/2026\/04\/Captura-de-tela-2026-04-22-184230.png 1070w\" sizes=\"(max-width: 300px) 100vw, 300px\" \/> <img decoding=\"async\" class=\"alignnone size-medium wp-image-4788\" src=\"https:\/\/khanguru.online\/cursos\/wp-content\/uploads\/2026\/04\/Captura-de-tela-2026-04-22-184052-300x159.png\" alt=\"\" width=\"300\" height=\"159\" srcset=\"https:\/\/khanguru.online\/cursos\/wp-content\/uploads\/2026\/04\/Captura-de-tela-2026-04-22-184052-300x159.png 300w, https:\/\/khanguru.online\/cursos\/wp-content\/uploads\/2026\/04\/Captura-de-tela-2026-04-22-184052-1024x542.png 1024w, https:\/\/khanguru.online\/cursos\/wp-content\/uploads\/2026\/04\/Captura-de-tela-2026-04-22-184052-768x407.png 768w, https:\/\/khanguru.online\/cursos\/wp-content\/uploads\/2026\/04\/Captura-de-tela-2026-04-22-184052-18x10.png 18w, https:\/\/khanguru.online\/cursos\/wp-content\/uploads\/2026\/04\/Captura-de-tela-2026-04-22-184052-600x318.png 600w, https:\/\/khanguru.online\/cursos\/wp-content\/uploads\/2026\/04\/Captura-de-tela-2026-04-22-184052.png 1193w\" sizes=\"(max-width: 300px) 100vw, 300px\" \/>para cortes laser<\/p>\n","protected":false},"excerpt":{"rendered":"<p>Arquivo de grava\u00e7\u00e3o a laser &#8211; T\u00e1buas de churrasco<\/p>\n","protected":false},"featured_media":4788,"comment_status":"open","ping_status":"closed","template":"","meta":{"_joinchat":[]},"product_brand":[],"product_cat":[64],"product_tag":[65,66],"class_list":{"0":"post-4951","1":"product","2":"type-product","3":"status-publish","4":"has-post-thumbnail","6":"product_cat-gravacao-laser","7":"product_tag-churrasco","8":"product_tag-petisqueira","10":"first","11":"instock","12":"sale","13":"downloadable","14":"shipping-taxable","15":"purchasable","16":"product-type-simple"},"_links":{"self":[{"href":"https:\/\/khanguru.online\/cursos\/wp-json\/wp\/v2\/product\/4951","targetHints":{"allow":["GET"]}}],"collection":[{"href":"https:\/\/khanguru.online\/cursos\/wp-json\/wp\/v2\/product"}],"about":[{"href":"https:\/\/khanguru.online\/cursos\/wp-json\/wp\/v2\/types\/product"}],"replies":[{"embeddable":true,"href":"https:\/\/khanguru.online\/cursos\/wp-json\/wp\/v2\/comments?post=4951"}],"version-history":[{"count":1,"href":"https:\/\/khanguru.online\/cursos\/wp-json\/wp\/v2\/product\/4951\/revisions"}],"predecessor-version":[{"id":4952,"href":"https:\/\/khanguru.online\/cursos\/wp-json\/wp\/v2\/product\/4951\/revisions\/4952"}],"wp:featuredmedia":[{"embeddable":true,"href":"https:\/\/khanguru.online\/cursos\/wp-json\/wp\/v2\/media\/4788"}],"wp:attachment":[{"href":"https:\/\/khanguru.online\/cursos\/wp-json\/wp\/v2\/media?parent=4951"}],"wp:term":[{"taxonomy":"product_brand","embeddable":true,"href":"https:\/\/khanguru.online\/cursos\/wp-json\/wp\/v2\/product_brand?post=4951"},{"taxonomy":"product_cat","embeddable":true,"href":"https:\/\/khanguru.online\/cursos\/wp-json\/wp\/v2\/product_cat?post=4951"},{"taxonomy":"product_tag","embeddable":true,"href":"https:\/\/khanguru.online\/cursos\/wp-json\/wp\/v2\/product_tag?post=4951"}],"curies":[{"name":"wp","href":"https:\/\/api.w.org\/{rel}","templated":true}]}}