{"id":4865,"date":"2026-04-23T10:13:04","date_gmt":"2026-04-23T13:13:04","guid":{"rendered":"https:\/\/khanguru.online\/cursos\/?post_type=product&#038;p=4865"},"modified":"2026-04-23T10:44:24","modified_gmt":"2026-04-23T13:44:24","slug":"pack-500-casas-castelos","status":"publish","type":"product","link":"https:\/\/khanguru.online\/cursos\/produto\/pack-500-casas-castelos\/","title":{"rendered":"+500 Pack Casas Castelos"},"content":{"rendered":"<p>Pack +500 casa para cortes laser<\/p>\n","protected":false},"excerpt":{"rendered":"<p>Arquivo de grava\u00e7\u00e3o a laser &#8211; T\u00e1buas de churrasco<\/p>\n","protected":false},"featured_media":4859,"comment_status":"open","ping_status":"closed","template":"","meta":{"_joinchat":[]},"product_brand":[],"product_cat":[64],"product_tag":[65,66],"class_list":{"0":"post-4865","1":"product","2":"type-product","3":"status-publish","4":"has-post-thumbnail","6":"product_cat-gravacao-laser","7":"product_tag-churrasco","8":"product_tag-petisqueira","10":"first","11":"instock","12":"sale","13":"downloadable","14":"shipping-taxable","15":"purchasable","16":"product-type-simple"},"_links":{"self":[{"href":"https:\/\/khanguru.online\/cursos\/wp-json\/wp\/v2\/product\/4865","targetHints":{"allow":["GET"]}}],"collection":[{"href":"https:\/\/khanguru.online\/cursos\/wp-json\/wp\/v2\/product"}],"about":[{"href":"https:\/\/khanguru.online\/cursos\/wp-json\/wp\/v2\/types\/product"}],"replies":[{"embeddable":true,"href":"https:\/\/khanguru.online\/cursos\/wp-json\/wp\/v2\/comments?post=4865"}],"version-history":[{"count":3,"href":"https:\/\/khanguru.online\/cursos\/wp-json\/wp\/v2\/product\/4865\/revisions"}],"predecessor-version":[{"id":4948,"href":"https:\/\/khanguru.online\/cursos\/wp-json\/wp\/v2\/product\/4865\/revisions\/4948"}],"wp:featuredmedia":[{"embeddable":true,"href":"https:\/\/khanguru.online\/cursos\/wp-json\/wp\/v2\/media\/4859"}],"wp:attachment":[{"href":"https:\/\/khanguru.online\/cursos\/wp-json\/wp\/v2\/media?parent=4865"}],"wp:term":[{"taxonomy":"product_brand","embeddable":true,"href":"https:\/\/khanguru.online\/cursos\/wp-json\/wp\/v2\/product_brand?post=4865"},{"taxonomy":"product_cat","embeddable":true,"href":"https:\/\/khanguru.online\/cursos\/wp-json\/wp\/v2\/product_cat?post=4865"},{"taxonomy":"product_tag","embeddable":true,"href":"https:\/\/khanguru.online\/cursos\/wp-json\/wp\/v2\/product_tag?post=4865"}],"curies":[{"name":"wp","href":"https:\/\/api.w.org\/{rel}","templated":true}]}}