{"id":4129,"date":"2026-04-13T11:42:51","date_gmt":"2026-04-13T14:42:51","guid":{"rendered":"https:\/\/khanguru.online\/cursos\/?post_type=product&#038;p=4129"},"modified":"2026-04-27T21:50:48","modified_gmt":"2026-04-28T00:50:48","slug":"vetores-360o-pack50-para-download","status":"publish","type":"product","link":"https:\/\/khanguru.online\/cursos\/produto\/vetores-360o-pack50-para-download\/","title":{"rendered":"Pack 50 Vetores 360\u00ba"},"content":{"rendered":"<h3>\u2705 O Pack 360\u00ba Premium Resolve Muito Mais&#8230;<\/h3>\n<p>+500 artes organizadas, testadas e prontas para gravar em menos de 5 minutos. Sem complica\u00e7\u00e3o, sem perda de tempo, s\u00f3 resultados.(BREVE)<\/p>\n","protected":false},"excerpt":{"rendered":"<h3>PACK <b>+50 ARTES<\/b>\u00a0PARA GRAVAR\u00a0<b>COPOS 360\u00b0 NO LASER<\/b><\/h3>\n<p>Acesse 50 artes vetoriais prontas para usar.<\/p>\n<p>Grave, personalize e transforme cada copo em uma nova oportunidade de lucro.<\/p>\n<p>&nbsp;<\/p>\n","protected":false},"featured_media":4013,"comment_status":"open","ping_status":"closed","template":"","meta":{"_joinchat":[]},"product_brand":[],"product_cat":[17],"product_tag":[58],"class_list":{"0":"post-4129","1":"product","2":"type-product","3":"status-publish","4":"has-post-thumbnail","6":"product_cat-vetor-360","7":"product_tag-pack-50","9":"first","10":"instock","11":"sale","12":"featured","13":"downloadable","14":"shipping-taxable","15":"purchasable","16":"product-type-simple"},"_links":{"self":[{"href":"https:\/\/khanguru.online\/cursos\/wp-json\/wp\/v2\/product\/4129","targetHints":{"allow":["GET"]}}],"collection":[{"href":"https:\/\/khanguru.online\/cursos\/wp-json\/wp\/v2\/product"}],"about":[{"href":"https:\/\/khanguru.online\/cursos\/wp-json\/wp\/v2\/types\/product"}],"replies":[{"embeddable":true,"href":"https:\/\/khanguru.online\/cursos\/wp-json\/wp\/v2\/comments?post=4129"}],"version-history":[{"count":1,"href":"https:\/\/khanguru.online\/cursos\/wp-json\/wp\/v2\/product\/4129\/revisions"}],"predecessor-version":[{"id":5206,"href":"https:\/\/khanguru.online\/cursos\/wp-json\/wp\/v2\/product\/4129\/revisions\/5206"}],"wp:featuredmedia":[{"embeddable":true,"href":"https:\/\/khanguru.online\/cursos\/wp-json\/wp\/v2\/media\/4013"}],"wp:attachment":[{"href":"https:\/\/khanguru.online\/cursos\/wp-json\/wp\/v2\/media?parent=4129"}],"wp:term":[{"taxonomy":"product_brand","embeddable":true,"href":"https:\/\/khanguru.online\/cursos\/wp-json\/wp\/v2\/product_brand?post=4129"},{"taxonomy":"product_cat","embeddable":true,"href":"https:\/\/khanguru.online\/cursos\/wp-json\/wp\/v2\/product_cat?post=4129"},{"taxonomy":"product_tag","embeddable":true,"href":"https:\/\/khanguru.online\/cursos\/wp-json\/wp\/v2\/product_tag?post=4129"}],"curies":[{"name":"wp","href":"https:\/\/api.w.org\/{rel}","templated":true}]}}